{"id":23,"date":"2020-07-17T20:42:44","date_gmt":"2020-07-17T20:42:44","guid":{"rendered":"https:\/\/trujilloabogados.mx\/?page_id=23"},"modified":"2024-05-03T19:05:18","modified_gmt":"2024-05-03T19:05:18","slug":"servicios","status":"publish","type":"page","link":"https:\/\/trujilloabogados.mx\/eng\/servicios\/","title":{"rendered":"Services"},"content":{"rendered":"<div data-elementor-type=\"wp-page\" data-elementor-id=\"23\" class=\"elementor elementor-23\">\n\t\t\t\t\t\t<section class=\"elementor-section elementor-top-section elementor-element elementor-element-c3cb37e elementor-section-content-middle elementor-section-boxed elementor-section-height-default elementor-section-height-default\" data-id=\"c3cb37e\" data-element_type=\"section\">\n\t\t\t\t\t\t<div class=\"elementor-container elementor-column-gap-wide\">\n\t\t\t\t\t<div class=\"elementor-column elementor-col-33 elementor-top-column elementor-element elementor-element-26ebc0d\" data-id=\"26ebc0d\" data-element_type=\"column\">\n\t\t\t<div class=\"elementor-widget-wrap elementor-element-populated\">\n\t\t\t\t\t\t<div class=\"elementor-element elementor-element-c30a00f elementor-widget elementor-widget-image\" data-id=\"c30a00f\" data-element_type=\"widget\" data-widget_type=\"image.default\">\n\t\t\t\t<div class=\"elementor-widget-container\">\n\t\t\t<style>\/*! elementor - v3.23.0 - 05-08-2024 *\/\n.elementor-widget-image{text-align:center}.elementor-widget-image a{display:inline-block}.elementor-widget-image a img[src$=\".svg\"]{width:48px}.elementor-widget-image img{vertical-align:middle;display:inline-block}<\/style>\t\t\t\t\t\t\t\t\t\t<img fetchpriority=\"high\" decoding=\"async\" width=\"475\" height=\"713\" src=\"https:\/\/trujilloabogados.mx\/wp-content\/uploads\/2020\/07\/imagen-servicios.jpg\" class=\"attachment-large size-large wp-image-175\" alt=\"\" srcset=\"https:\/\/trujilloabogados.mx\/wp-content\/uploads\/2020\/07\/imagen-servicios.jpg 475w, https:\/\/trujilloabogados.mx\/wp-content\/uploads\/2020\/07\/imagen-servicios-200x300.jpg 200w\" sizes=\"(max-width: 475px) 100vw, 475px\" \/>\t\t\t\t\t\t\t\t\t\t\t\t\t<\/div>\n\t\t\t\t<\/div>\n\t\t\t\t\t<\/div>\n\t\t<\/div>\n\t\t\t\t<div class=\"elementor-column elementor-col-66 elementor-top-column elementor-element elementor-element-9f100a6\" data-id=\"9f100a6\" data-element_type=\"column\">\n\t\t\t<div class=\"elementor-widget-wrap elementor-element-populated\">\n\t\t\t\t\t\t<div class=\"elementor-element elementor-element-17ceeba elementor-widget elementor-widget-heading\" data-id=\"17ceeba\" data-element_type=\"widget\" data-widget_type=\"heading.default\">\n\t\t\t\t<div class=\"elementor-widget-container\">\n\t\t\t<style>\/*! elementor - v3.23.0 - 05-08-2024 *\/\n.elementor-heading-title{padding:0;margin:0;line-height:1}.elementor-widget-heading .elementor-heading-title[class*=elementor-size-]>a{color:inherit;font-size:inherit;line-height:inherit}.elementor-widget-heading .elementor-heading-title.elementor-size-small{font-size:15px}.elementor-widget-heading .elementor-heading-title.elementor-size-medium{font-size:19px}.elementor-widget-heading .elementor-heading-title.elementor-size-large{font-size:29px}.elementor-widget-heading .elementor-heading-title.elementor-size-xl{font-size:39px}.elementor-widget-heading .elementor-heading-title.elementor-size-xxl{font-size:59px}<\/style><h2 class=\"elementor-heading-title elementor-size-default\">Services<\/h2>\t\t<\/div>\n\t\t\t\t<\/div>\n\t\t\t\t<div class=\"elementor-element elementor-element-0f91cf0 elementor-widget elementor-widget-text-editor\" data-id=\"0f91cf0\" data-element_type=\"widget\" data-widget_type=\"text-editor.default\">\n\t\t\t\t<div class=\"elementor-widget-container\">\n\t\t\t<style>\/*! elementor - v3.23.0 - 05-08-2024 *\/\n.elementor-widget-text-editor.elementor-drop-cap-view-stacked .elementor-drop-cap{background-color:#69727d;color:#fff}.elementor-widget-text-editor.elementor-drop-cap-view-framed .elementor-drop-cap{color:#69727d;border:3px solid;background-color:transparent}.elementor-widget-text-editor:not(.elementor-drop-cap-view-default) .elementor-drop-cap{margin-top:8px}.elementor-widget-text-editor:not(.elementor-drop-cap-view-default) .elementor-drop-cap-letter{width:1em;height:1em}.elementor-widget-text-editor .elementor-drop-cap{float:left;text-align:center;line-height:1;font-size:50px}.elementor-widget-text-editor .elementor-drop-cap-letter{display:inline-block}<\/style>\t\t\t\t<p class=\"p1 translation-block\">We advise local and international clients in the structuring of investment vehicles, joint ventures, development, acquisition and disposition of all asset types in Mexico, including industrial, retail centers, offices, hotels and residential.<\/p><p class=\"p1 translation-block\">We also have vast experience in real estate portfolio financing, advising lenders and borrowers in structured, senior, mezzanine, club deals, syndication, recourse and non-recourse loans, cross-collateralized, trust, mortgage and pledge securities.<\/p><p class=\"p1 translation-block\">We support our clients in legal due diligence, development, condominium constitution and project management, as well as in the negotiation and execution of their leases (speculative, multi-tenant, built-to-suit, sale-and-leaseback).<\/p>\t\t\t\t\t\t<\/div>\n\t\t\t\t<\/div>\n\t\t\t\t<div class=\"elementor-element elementor-element-bcf2c01 elementor-align-left elementor-widget elementor-widget-raven-button\" data-id=\"bcf2c01\" data-element_type=\"widget\" data-settings=\"{&quot;turn_to_popup_action_button&quot;:&quot;no&quot;}\" data-widget_type=\"raven-button.default\">\n\t\t\t\t<div class=\"elementor-widget-container\">\n\t\t\t\t\t<div class=\"raven-widget-wrapper\">\n\t\t\t<a class=\"raven-button raven-button-widget-normal-effect-none  raven-button-text-align-center raven-button-link elementor-animation-none\" href=\"https:\/\/trujilloabogados.mx\/eng\/contacto\/\">\t\t\t\t<div class=\"raven-button-overlay\" ><\/div>\n\t\t\t\t<span class=\"raven-button-content\">\n\t\t\t\t\t\n\t\t\t\t\t<div class=\"button-text-container\">\n\t\t\t\t\t\t\t\t\t\t\t\t<div class=\"raven-button-texts-wrapper\">\n\t\t\t\t\t\t\t<div class=\"button-text\">\n\t\t\t\t\t\t\t\t<span class=\"raven-button-text\">\n\t\t\t\t\t\t\t\t\tContact us\t\t\t\t\t\t\t\t<\/span>\n\t\t\t\t\t\t\t<\/div>\n\t\t\t\t\t\t\t\t\t\t\t\t\t<\/div>\n\t\t\t\t\t\t\t\t\t\t\t<\/div>\n\t\t\t\t\t\n\t\t\t\t\t\t\t\t\t<\/span>\n\t\t\t<\/a>\t\t<\/div>\n\t\t\t\t<\/div>\n\t\t\t\t<\/div>\n\t\t\t\t\t<\/div>\n\t\t<\/div>\n\t\t\t\t\t<\/div>\n\t\t<\/section>\n\t\t\t\t<section class=\"elementor-section elementor-top-section elementor-element elementor-element-2272fc4 elementor-section-boxed elementor-section-height-default elementor-section-height-default\" data-id=\"2272fc4\" data-element_type=\"section\">\n\t\t\t\t\t\t<div class=\"elementor-container elementor-column-gap-default\">\n\t\t\t\t\t<div class=\"elementor-column elementor-col-100 elementor-top-column elementor-element elementor-element-41a311b\" data-id=\"41a311b\" data-element_type=\"column\">\n\t\t\t<div class=\"elementor-widget-wrap elementor-element-populated\">\n\t\t\t\t\t\t<div class=\"elementor-element elementor-element-053cf8e elementor-widget__width-initial elementor-widget elementor-widget-heading\" data-id=\"053cf8e\" data-element_type=\"widget\" data-widget_type=\"heading.default\">\n\t\t\t\t<div class=\"elementor-widget-container\">\n\t\t\t<h2 class=\"elementor-heading-title elementor-size-default\">We have participated in several real estate transactions and financing with: <\/h2>\t\t<\/div>\n\t\t\t\t<\/div>\n\t\t\t\t\t<\/div>\n\t\t<\/div>\n\t\t\t\t\t<\/div>\n\t\t<\/section>\n\t\t\t\t<section class=\"elementor-section elementor-top-section elementor-element elementor-element-07a9396 elementor-section-boxed elementor-section-height-default elementor-section-height-default\" data-id=\"07a9396\" data-element_type=\"section\">\n\t\t\t\t\t\t<div class=\"elementor-container elementor-column-gap-default\">\n\t\t\t\t\t<div class=\"elementor-column elementor-col-33 elementor-top-column elementor-element elementor-element-2934816\" data-id=\"2934816\" data-element_type=\"column\">\n\t\t\t<div class=\"elementor-widget-wrap elementor-element-populated\">\n\t\t\t\t\t\t<div class=\"elementor-element elementor-element-2f89075 elementor-widget elementor-widget-text-editor\" data-id=\"2f89075\" data-element_type=\"widget\" data-widget_type=\"text-editor.default\">\n\t\t\t\t<div class=\"elementor-widget-container\">\n\t\t\t\t\t\t\t<p>Acciona<\/p><p><span lang=\"EN-US\">Actinver<u><\/u><u><\/u><\/span><\/p><p>Advance Real Estate<\/p><p>Aguirre Newman<\/p><p>Alignmex<\/p><p>Alsis<\/p><p>Arab Sovereign Fund<\/p><p>Arab Sovereign Fund<\/p><p>Azora<\/p><p>Banco del Baj\u00edo<\/p><p>Bancomext<\/p><p>Banobras<\/p><p>Banorte<\/p><p>Black Creek<\/p><p>Blackstone<\/p><p>Brookfield<\/p><p>CBRE<\/p><p>Citibank<\/p><p>CPA<\/p>\t\t\t\t\t\t<\/div>\n\t\t\t\t<\/div>\n\t\t\t\t\t<\/div>\n\t\t<\/div>\n\t\t\t\t<div class=\"elementor-column elementor-col-33 elementor-top-column elementor-element elementor-element-4ffd96a\" data-id=\"4ffd96a\" data-element_type=\"column\">\n\t\t\t<div class=\"elementor-widget-wrap elementor-element-populated\">\n\t\t\t\t\t\t<div class=\"elementor-element elementor-element-961bddd elementor-widget elementor-widget-text-editor\" data-id=\"961bddd\" data-element_type=\"widget\" data-widget_type=\"text-editor.default\">\n\t\t\t\t<div class=\"elementor-widget-container\">\n\t\t\t\t\t\t\t<p>Credit Suisse<\/p><p>Consorcio Industrial Nexxus<\/p><p>Cushman &amp; Wakefield<\/p><p>Deloitte<\/p><p>Eurohypo<\/p><p>Femsa<\/p><p>Fibra HD<\/p><p>Fibra Monterrey<\/p><p>Fibra Uno<\/p><p>Finsa<\/p><p>Frontera Development<\/p><p>GE Capital Real Estate<\/p><p>Gicsa<\/p><p>Gobierno de Durango<\/p><p>Guess<\/p><p>Hilco<\/p><p>HSBC<\/p><p>Invex<\/p><p>MRP<\/p>\t\t\t\t\t\t<\/div>\n\t\t\t\t<\/div>\n\t\t\t\t\t<\/div>\n\t\t<\/div>\n\t\t\t\t<div class=\"elementor-column elementor-col-33 elementor-top-column elementor-element elementor-element-5de341f\" data-id=\"5de341f\" data-element_type=\"column\">\n\t\t\t<div class=\"elementor-widget-wrap elementor-element-populated\">\n\t\t\t\t\t\t<div class=\"elementor-element elementor-element-9428d3f elementor-widget elementor-widget-text-editor\" data-id=\"9428d3f\" data-element_type=\"widget\" data-widget_type=\"text-editor.default\">\n\t\t\t\t<div class=\"elementor-widget-container\">\n\t\t\t\t\t\t\t<p>Newmark Knight Frank<\/p><p>Nexxus Capital<\/p><p>Macquarie<\/p><p>Mercado Libre<\/p><p>Monex<\/p><p>One Development Group<\/p><p>Orpea<\/p><p>Planigrupo<\/p><p>Prologis<\/p><p>Prudential<\/p><p>Roca Desarrollos<\/p><p>Sabadell<\/p><p>Santander<\/p><p>TC Latin America Partners<\/p><p>Texhong<\/p><p>U-Calli<\/p><p>Vesta<\/p><p>Wafra Capital Partners<\/p><p>Walton Street Capital<\/p>\t\t\t\t\t\t<\/div>\n\t\t\t\t<\/div>\n\t\t\t\t\t<\/div>\n\t\t<\/div>\n\t\t\t\t\t<\/div>\n\t\t<\/section>\n\t\t\t\t<\/div>","protected":false},"excerpt":{"rendered":"<p>Servicios Asesoramos a clientes locales e internacionales en la estructuraci\u00f3n de veh\u00edculos para inversi\u00f3n, co-inversi\u00f3n o joint ventures, desarrollo, adquisici\u00f3n y disposici\u00f3n de toda clase de activos en M\u00e9xico, incluyendo propiedades industriales, centros comerciales, oficinas, hoteles y vivienda. Tambi\u00e9n contamos con amplia experiencia en el financiamiento de portafolios inmobiliarios, representando a acreedores y acreditados en [&hellip;]<\/p>","protected":false},"author":1,"featured_media":0,"parent":0,"menu_order":3,"comment_status":"closed","ping_status":"closed","template":"","meta":{"_acf_changed":false,"footnotes":""},"class_list":["post-23","page","type-page","status-publish","hentry"],"acf":[],"_links":{"self":[{"href":"https:\/\/trujilloabogados.mx\/eng\/wp-json\/wp\/v2\/pages\/23","targetHints":{"allow":["GET"]}}],"collection":[{"href":"https:\/\/trujilloabogados.mx\/eng\/wp-json\/wp\/v2\/pages"}],"about":[{"href":"https:\/\/trujilloabogados.mx\/eng\/wp-json\/wp\/v2\/types\/page"}],"author":[{"embeddable":true,"href":"https:\/\/trujilloabogados.mx\/eng\/wp-json\/wp\/v2\/users\/1"}],"replies":[{"embeddable":true,"href":"https:\/\/trujilloabogados.mx\/eng\/wp-json\/wp\/v2\/comments?post=23"}],"version-history":[{"count":41,"href":"https:\/\/trujilloabogados.mx\/eng\/wp-json\/wp\/v2\/pages\/23\/revisions"}],"predecessor-version":[{"id":1616,"href":"https:\/\/trujilloabogados.mx\/eng\/wp-json\/wp\/v2\/pages\/23\/revisions\/1616"}],"wp:attachment":[{"href":"https:\/\/trujilloabogados.mx\/eng\/wp-json\/wp\/v2\/media?parent=23"}],"curies":[{"name":"wp","href":"https:\/\/api.w.org\/{rel}","templated":true}]}}